{"id":14,"date":"2025-04-14T21:54:13","date_gmt":"2025-04-14T21:54:13","guid":{"rendered":"https:\/\/ojk.mgz.mybluehost.me\/website_64d66d6a\/benefits\/"},"modified":"2025-04-15T04:02:42","modified_gmt":"2025-04-15T04:02:42","slug":"benefits","status":"publish","type":"page","link":"https:\/\/bluntagencia.com\/br\/benefits\/","title":{"rendered":"Benefits of Being Represented"},"content":{"rendered":"<div class=\"nfd-container nfd-p-lg nfd-wb-features__features-45 wp-block-group is-layout-constrained wp-block-group-is-layout-constrained\">\n<div class=\"nfd-gap-lg wp-block-group is-vertical is-content-justification-stretch is-layout-flex wp-container-core-group-is-layout-5621715d wp-block-group-is-layout-flex\">\n<h2 class=\"wp-block-heading nfd-text-huge nfd-text-contrast nfd-text-balance has-text-align-left\">Libere seu potencial de ganhos hoje<\/h2>\n\n\n\n<p class=\"nfd-text-lg nfd-text-balance nfd-text-faded has-text-align-left\" style=\"font-style:normal;font-weight:400\">Junte-se \u00e0 BLUNT AGENCY e descubra os benef\u00edcios de ser um streamer ao vivo. Aproveite suporte exclusivo, b\u00f4nus e uma comunidade que te impulsiona a ter sucesso!<\/p>\n<\/div>\n\n\n\n<div style=\"height:48px\" aria-hidden=\"true\" class=\"wp-block-spacer\"><\/div>\n\n\n\n<div class=\"nfd-text-base nfd-gap-xl wp-block-columns are-vertically-aligned-bottom is-layout-flex wp-container-core-columns-is-layout-28f84493 wp-block-columns-is-layout-flex\">\n<div class=\"wp-block-column is-vertically-aligned-bottom is-layout-flow wp-block-column-is-layout-flow\" style=\"flex-basis:25%\">\n<div class=\"nfd-shadow-xs nfd-p-card-square nfd-rounded nfd-gap-sm nfd-bg-surface nfd-theme-light is-style-nfd-theme-light wp-block-group is-vertical is-content-justification-left is-layout-flex wp-container-core-group-is-layout-dd225191 wp-block-group-is-layout-flex\">\n<p class=\"nfd-text-lg nfd-text-contrast nfd-text-balance has-text-align-left\" style=\"font-style:normal;font-weight:700\">80k<\/p>\n\n\n\n<div style=\"height:16px\" aria-hidden=\"true\" class=\"wp-block-spacer wp-container-content-f9bd05ee\"><\/div>\n\n\n\n<h3 class=\"nfd-text-md nfd-text-contrast nfd-text-balance wp-block-heading has-text-align-left\" style=\"font-style:normal;font-weight:500\">Apoio financeiro<\/h3>\n\n\n\n<p class=\"nfd-text-balance nfd-text-faded  has-text-align-left\">Receba pagamentos e b\u00f4nus pontuais por seus esfor\u00e7os de streaming, garantindo que voc\u00ea seja recompensado pelo seu trabalho duro.<\/p>\n<\/div>\n<\/div>\n\n\n\n<div class=\"wp-block-column is-vertically-aligned-bottom is-layout-flow wp-block-column-is-layout-flow\" style=\"flex-basis:33.33%\">\n<div class=\"nfd-shadow-xs nfd-p-card-square nfd-rounded nfd-gap-sm nfd-bg-surface nfd-theme-dark is-style-nfd-theme-dark wp-block-group nfd-bg-effect-grid is-vertical is-content-justification-left is-layout-flex wp-container-core-group-is-layout-dd225191 wp-block-group-is-layout-flex\">\n<p class=\"nfd-text-lg nfd-text-contrast nfd-text-balance has-text-align-left\" style=\"font-style:normal;font-weight:700\">1M+<\/p>\n\n\n\n<div style=\"height:120px\" aria-hidden=\"true\" class=\"wp-block-spacer wp-container-content-3b250452\"><\/div>\n\n\n\n<h3 class=\"nfd-text-md nfd-text-contrast nfd-text-balance wp-block-heading has-text-align-left\" style=\"font-style:normal;font-weight:500\">Apoio \u00e0 Comunidade<\/h3>\n\n\n\n<p class=\"nfd-text-balance nfd-text-faded  has-text-align-left\">Fa\u00e7a parte de uma comunidade vibrante que oferece orienta\u00e7\u00e3o, recursos e incentivo para ajudar voc\u00ea a prosperar como streamer.<\/p>\n<\/div>\n<\/div>\n\n\n\n<div class=\"wp-block-column is-vertically-aligned-bottom is-layout-flow wp-block-column-is-layout-flow\">\n<div class=\"nfd-shadow-xs nfd-p-card-square nfd-rounded nfd-gap-sm nfd-bg-surface nfd-theme-primary is-style-nfd-theme-primary wp-block-group is-vertical is-content-justification-left is-layout-flex wp-container-core-group-is-layout-dd225191 wp-block-group-is-layout-flex\">\n<p class=\"nfd-text-lg nfd-text-contrast nfd-text-balance has-text-align-left\" style=\"font-style:normal;font-weight:700\">500+<\/p>\n\n\n\n<div style=\"height:40px\" aria-hidden=\"true\" class=\"wp-block-spacer wp-container-content-28f0cd9b\"><\/div>\n\n\n\n<h3 class=\"nfd-text-md nfd-text-contrast nfd-text-balance wp-block-heading has-text-align-left\" style=\"font-style:normal;font-weight:500\">B\u00f4nus exclusivos<\/h3>\n\n\n\n<p class=\"nfd-text-balance nfd-text-faded  has-text-align-left\">Acesse b\u00f4nus e incentivos exclusivos que melhoram sua experi\u00eancia de streaming e aumentam seu potencial de ganhos.<\/p>\n<\/div>\n<\/div>\n<\/div>\n<\/div>\n\n\n\n<div class=\"nfd-container nfd-py-lg nfd-wb-text__text-19 wp-block-group is-layout-constrained wp-block-group-is-layout-constrained\">\n<div class=\"nfd-gap-3xl wp-block-columns is-layout-flex wp-container-core-columns-is-layout-28f84493 wp-block-columns-is-layout-flex\">\n<div class=\"wp-block-column is-layout-flow wp-block-column-is-layout-flow\" style=\"flex-basis:20%\">\n<h2 class=\"nfd-text-lg nfd-text-contrast nfd-text-balance wp-block-heading\">Especifica\u00e7\u00f5es:<\/h2>\n<\/div>\n\n\n\n<div class=\"wp-block-column is-layout-flow wp-block-column-is-layout-flow\">\n<div class=\"nfd-gap-3xl  wp-block-group is-vertical is-content-justification-stretch is-layout-flex wp-container-core-group-is-layout-353c4f5a wp-block-group-is-layout-flex\">\n<div class=\"nfd-gap-sm wp-block-group is-vertical is-content-justification-stretch is-layout-flex wp-container-core-group-is-layout-353c4f5a wp-block-group-is-layout-flex\">\n<div class=\"nfd-text-base nfd-gap-sm wp-block-group is-content-justification-left is-nowrap is-layout-flex wp-container-core-group-is-layout-fc9f69e7 wp-block-group-is-layout-flex\">\n<p class=\"nfd-text-contrast\" style=\"font-style:normal;font-weight:600\">Recompensas financeiras:<\/p>\n\n\n\n<p class=\"nfd-text-faded\">Como anfitri\u00e3o, voc\u00ea pode ganhar pagamentos competitivos com base no seu desempenho e no envolvimento do p\u00fablico, garantindo um fluxo de renda est\u00e1vel.<\/p>\n<\/div>\n\n\n\n<div class=\"nfd-text-base nfd-gap-sm wp-block-group is-content-justification-left is-nowrap is-layout-flex wp-container-core-group-is-layout-fc9f69e7 wp-block-group-is-layout-flex\">\n<p class=\"nfd-text-contrast\" style=\"font-style:normal;font-weight:600\">Suporte abrangente:<\/p>\n\n\n\n<p class=\"nfd-text-faded\">Nossa equipe dedicada fornece suporte cont\u00ednuo para ajudar voc\u00ea a navegar no cen\u00e1rio de streaming, garantindo que voc\u00ea tenha os recursos necess\u00e1rios para ter sucesso.<\/p>\n<\/div>\n\n\n\n<div class=\"nfd-text-base nfd-gap-sm wp-block-group is-content-justification-left is-nowrap is-layout-flex wp-container-core-group-is-layout-fc9f69e7 wp-block-group-is-layout-flex\">\n<p class=\"nfd-text-contrast\" style=\"font-style:normal;font-weight:600\">B\u00f4nus exclusivos:<\/p>\n\n\n\n<p class=\"nfd-text-faded\">Aproveite b\u00f4nus e incentivos exclusivos que recompensam seu trabalho duro e dedica\u00e7\u00e3o, tornando sua experi\u00eancia de streaming ainda mais gratificante.<\/p>\n<\/div>\n\n\n\n<div class=\"nfd-text-base nfd-gap-sm wp-block-group is-content-justification-left is-nowrap is-layout-flex wp-container-core-group-is-layout-fc9f69e7 wp-block-group-is-layout-flex\">\n<p class=\"nfd-text-contrast\" style=\"font-style:normal;font-weight:600\">Envolvimento da comunidade:<\/p>\n\n\n\n<p class=\"nfd-text-faded\">Junte-se a uma comunidade vibrante de outros streamers, onde voc\u00ea pode compartilhar experi\u00eancias, dicas e crescer junto em um ambiente de apoio.<\/p>\n<\/div>\n\n\n\n<div class=\"nfd-text-base nfd-gap-sm wp-block-group is-content-justification-left is-nowrap is-layout-flex wp-container-core-group-is-layout-fc9f69e7 wp-block-group-is-layout-flex\">\n<p class=\"nfd-text-contrast\" style=\"font-style:normal;font-weight:600\">Desenvolvimento de habilidades:<\/p>\n\n\n\n<p class=\"nfd-text-faded\">Oferecemos treinamento e recursos para ajudar voc\u00ea a aprimorar suas habilidades de streaming, tornando-o um anfitri\u00e3o mais eficaz e envolvente.<\/p>\n<\/div>\n\n\n\n<div class=\"nfd-text-base nfd-gap-sm wp-block-group is-content-justification-left is-nowrap is-layout-flex wp-container-core-group-is-layout-fc9f69e7 wp-block-group-is-layout-flex\">\n<p class=\"nfd-text-contrast\" style=\"font-style:normal;font-weight:600\">Parcerias:<\/p>\n\n\n\n<p class=\"nfd-text-faded\">Colabore com marcas que se alinham aos seus valores, abrindo portas para patroc\u00ednios e oportunidades promocionais.<\/p>\n<\/div>\n\n\n\n<div class=\"nfd-text-base nfd-gap-sm wp-block-group is-content-justification-left is-nowrap is-layout-flex wp-container-core-group-is-layout-fc9f69e7 wp-block-group-is-layout-flex\">\n<p class=\"nfd-text-contrast\" style=\"font-style:normal;font-weight:600\">Agendamento flex\u00edvel:<\/p>\n\n\n\n<p class=\"nfd-text-faded\">Fa\u00e7a transmiss\u00f5es no seu pr\u00f3prio ritmo, o que lhe permite equilibrar sua vida pessoal e maximizar seu potencial de ganhos.<\/p>\n<\/div>\n<\/div>\n<\/div>\n<\/div>\n<\/div>\n<\/div>\n\n\n\n<div class=\"nfd-container nfd-wb-call-to-action__cta-16 wp-block-group is-layout-constrained wp-block-group-is-layout-constrained\">\n<div class=\"nfd-p-0 nfd-rounded-lg wp-block-cover has-custom-content-position is-position-center-left\" style=\"min-height:50vw;aspect-ratio:unset;\"><span aria-hidden=\"true\" class=\"wp-block-cover__background has-background-dim-100 has-background-dim wp-block-cover__gradient-background has-background-gradient\" style=\"background-color:#362d1d;background:linear-gradient(90deg,rgba(0,0,0,0.9) 50%,rgba(0,0,0,0.1) 50%)\"><\/span><img data-recalc-dims=\"1\" decoding=\"async\" width=\"1024\" height=\"1024\" loading=\"lazy\" class=\"wp-block-cover__image-background wp-image-68\" alt=\"\" src=\"https:\/\/i0.wp.com\/bluntagencia.com\/wp-content\/uploads\/2025\/04\/d7a60407-d78b-40a7-8911-4b43b6c73bd0.png?resize=1024%2C1024&#038;ssl=1\" style=\"object-position:48% 49%\" data-object-fit=\"cover\" data-object-position=\"48% 49%\" srcset=\"https:\/\/i0.wp.com\/bluntagencia.com\/wp-content\/uploads\/2025\/04\/d7a60407-d78b-40a7-8911-4b43b6c73bd0.png?w=1024&amp;ssl=1 1024w, https:\/\/i0.wp.com\/bluntagencia.com\/wp-content\/uploads\/2025\/04\/d7a60407-d78b-40a7-8911-4b43b6c73bd0.png?resize=300%2C300&amp;ssl=1 300w, https:\/\/i0.wp.com\/bluntagencia.com\/wp-content\/uploads\/2025\/04\/d7a60407-d78b-40a7-8911-4b43b6c73bd0.png?resize=150%2C150&amp;ssl=1 150w, https:\/\/i0.wp.com\/bluntagencia.com\/wp-content\/uploads\/2025\/04\/d7a60407-d78b-40a7-8911-4b43b6c73bd0.png?resize=768%2C768&amp;ssl=1 768w, https:\/\/i0.wp.com\/bluntagencia.com\/wp-content\/uploads\/2025\/04\/d7a60407-d78b-40a7-8911-4b43b6c73bd0.png?resize=12%2C12&amp;ssl=1 12w\" sizes=\"auto, (max-width: 1000px) 100vw, 1000px\" \/><div class=\"wp-block-cover__inner-container is-layout-constrained wp-block-cover-is-layout-constrained\">\n<div class=\"nfd-gap-2xl nfd-p-card-square-lg nfd-bg-surface nfd-theme-darker is-style-nfd-theme-darker wp-block-group has-background is-vertical is-content-justification-left is-layout-flex wp-container-core-group-is-layout-58227553 wp-block-group-is-layout-flex\" style=\"background-color:#00000000\">\n<h2 class=\"nfd-text-giga nfd-text-contrast wp-block-heading has-text-align-left\">Libere seu potencial de ganhos hoje<\/h2>\n\n\n\n<div class=\"md:nfd-items-start nfd-gap-md wp-block-group is-vertical is-content-justification-left is-layout-flex wp-container-core-group-is-layout-dd225191 wp-block-group-is-layout-flex\">\n<div class=\"nfd-text-md wp-block-buttons is-content-justification-left is-layout-flex wp-container-core-buttons-is-layout-fc4fd283 wp-block-buttons-is-layout-flex\">\n<div class=\"nfd-btn-xl  wp-block-button\"><a class=\"wp-block-button__link wp-element-button\">Join BLUNT AGENCY and Start Earning with Live Streaming Today!<\/a><\/div>\n<\/div>\n<\/div>\n<\/div>\n<\/div><\/div>\n<\/div>","protected":false},"excerpt":{"rendered":"<p>Unlock Your Earning Potential Join BLUNT AGENCY and discover the benefits of being a live streamer. Enjoy exclusive support, bonuses, and a community that empowers you to succeed! 80k Financial Support Receive timely payments and bonuses for your streaming efforts, ensuring you are rewarded for your hard work. 1M+ Community Support Become part of a [&hellip;]<\/p>\n","protected":false},"author":1,"featured_media":0,"parent":0,"menu_order":0,"comment_status":"closed","ping_status":"closed","template":"no-title","meta":{"nf_dc_page":"benefits","om_disable_all_campaigns":false,"_monsterinsights_skip_tracking":false,"_monsterinsights_sitenote_active":false,"_monsterinsights_sitenote_note":"","_monsterinsights_sitenote_category":0,"footnotes":""},"class_list":["post-14","page","type-page","status-publish","hentry"],"yoast_head":"<!-- This site is optimized with the Yoast SEO plugin v27.6 - https:\/\/yoast.com\/product\/yoast-seo-wordpress\/ -->\n<title>Benefits of Being Represented - BLUNT AGENCY<\/title>\n<meta name=\"robots\" content=\"index, follow, max-snippet:-1, max-image-preview:large, max-video-preview:-1\" \/>\n<link rel=\"canonical\" href=\"https:\/\/bluntagencia.com\/br\/benefits\/\" \/>\n<meta property=\"og:locale\" content=\"pt_BR\" \/>\n<meta property=\"og:type\" content=\"article\" \/>\n<meta property=\"og:title\" content=\"Benefits of Being Represented - BLUNT AGENCY\" \/>\n<meta property=\"og:description\" content=\"Unlock Your Earning Potential Join BLUNT AGENCY and discover the benefits of being a live streamer. Enjoy exclusive support, bonuses, and a community that empowers you to succeed! 80k Financial Support Receive timely payments and bonuses for your streaming efforts, ensuring you are rewarded for your hard work. 1M+ Community Support Become part of a [&hellip;]\" \/>\n<meta property=\"og:url\" content=\"https:\/\/bluntagencia.com\/br\/benefits\/\" \/>\n<meta property=\"og:site_name\" content=\"BLUNT AGENCY\" \/>\n<meta property=\"article:modified_time\" content=\"2025-04-15T04:02:42+00:00\" \/>\n<meta property=\"og:image\" content=\"https:\/\/bluntagencia.com\/wp-content\/uploads\/2025\/04\/d7a60407-d78b-40a7-8911-4b43b6c73bd0.png\" \/>\n<meta name=\"twitter:card\" content=\"summary_large_image\" \/>\n<meta name=\"twitter:label1\" content=\"Est. tempo de leitura\" \/>\n\t<meta name=\"twitter:data1\" content=\"2 minutos\" \/>\n<script type=\"application\/ld+json\" class=\"yoast-schema-graph\">{\"@context\":\"https:\\\/\\\/schema.org\",\"@graph\":[{\"@type\":\"WebPage\",\"@id\":\"https:\\\/\\\/bluntagencia.com\\\/benefits\\\/\",\"url\":\"https:\\\/\\\/bluntagencia.com\\\/benefits\\\/\",\"name\":\"Benefits of Being Represented - BLUNT AGENCY\",\"isPartOf\":{\"@id\":\"https:\\\/\\\/bluntagencia.com\\\/#website\"},\"primaryImageOfPage\":{\"@id\":\"https:\\\/\\\/bluntagencia.com\\\/benefits\\\/#primaryimage\"},\"image\":{\"@id\":\"https:\\\/\\\/bluntagencia.com\\\/benefits\\\/#primaryimage\"},\"thumbnailUrl\":\"https:\\\/\\\/bluntagencia.com\\\/wp-content\\\/uploads\\\/2025\\\/04\\\/d7a60407-d78b-40a7-8911-4b43b6c73bd0.png\",\"datePublished\":\"2025-04-14T21:54:13+00:00\",\"dateModified\":\"2025-04-15T04:02:42+00:00\",\"breadcrumb\":{\"@id\":\"https:\\\/\\\/bluntagencia.com\\\/benefits\\\/#breadcrumb\"},\"inLanguage\":\"pt-BR\",\"potentialAction\":[{\"@type\":\"ReadAction\",\"target\":[\"https:\\\/\\\/bluntagencia.com\\\/benefits\\\/\"]}]},{\"@type\":\"ImageObject\",\"inLanguage\":\"pt-BR\",\"@id\":\"https:\\\/\\\/bluntagencia.com\\\/benefits\\\/#primaryimage\",\"url\":\"https:\\\/\\\/bluntagencia.com\\\/wp-content\\\/uploads\\\/2025\\\/04\\\/d7a60407-d78b-40a7-8911-4b43b6c73bd0.png\",\"contentUrl\":\"https:\\\/\\\/bluntagencia.com\\\/wp-content\\\/uploads\\\/2025\\\/04\\\/d7a60407-d78b-40a7-8911-4b43b6c73bd0.png\"},{\"@type\":\"BreadcrumbList\",\"@id\":\"https:\\\/\\\/bluntagencia.com\\\/benefits\\\/#breadcrumb\",\"itemListElement\":[{\"@type\":\"ListItem\",\"position\":1,\"name\":\"Home\",\"item\":\"https:\\\/\\\/bluntagencia.com\\\/\"},{\"@type\":\"ListItem\",\"position\":2,\"name\":\"Benefits of Being Represented\"}]},{\"@type\":\"WebSite\",\"@id\":\"https:\\\/\\\/bluntagencia.com\\\/#website\",\"url\":\"https:\\\/\\\/bluntagencia.com\\\/\",\"name\":\"BLUNT AGENCY\",\"description\":\"A BLUNT AGENCY transforma seu tempo online em dinheiro, recrutando hosts para TikTok e Bigo Live com suporte, benef\u00edcios e passos simples para o sucesso.\",\"publisher\":{\"@id\":\"https:\\\/\\\/bluntagencia.com\\\/#organization\"},\"potentialAction\":[{\"@type\":\"SearchAction\",\"target\":{\"@type\":\"EntryPoint\",\"urlTemplate\":\"https:\\\/\\\/bluntagencia.com\\\/?s={search_term_string}\"},\"query-input\":{\"@type\":\"PropertyValueSpecification\",\"valueRequired\":true,\"valueName\":\"search_term_string\"}}],\"inLanguage\":\"pt-BR\"},{\"@type\":\"Organization\",\"@id\":\"https:\\\/\\\/bluntagencia.com\\\/#organization\",\"name\":\"BLUNT AGENCY\",\"url\":\"https:\\\/\\\/bluntagencia.com\\\/\",\"logo\":{\"@type\":\"ImageObject\",\"inLanguage\":\"pt-BR\",\"@id\":\"https:\\\/\\\/bluntagencia.com\\\/#\\\/schema\\\/logo\\\/image\\\/\",\"url\":\"https:\\\/\\\/i0.wp.com\\\/bluntagencia.com\\\/wp-content\\\/uploads\\\/2025\\\/04\\\/cropped-ab2-2.png?fit=512%2C512&ssl=1\",\"contentUrl\":\"https:\\\/\\\/i0.wp.com\\\/bluntagencia.com\\\/wp-content\\\/uploads\\\/2025\\\/04\\\/cropped-ab2-2.png?fit=512%2C512&ssl=1\",\"width\":512,\"height\":512,\"caption\":\"BLUNT AGENCY\"},\"image\":{\"@id\":\"https:\\\/\\\/bluntagencia.com\\\/#\\\/schema\\\/logo\\\/image\\\/\"}}]}<\/script>\n<!-- \/ Yoast SEO plugin. -->","yoast_head_json":{"title":"Benefits of Being Represented - BLUNT AGENCY","robots":{"index":"index","follow":"follow","max-snippet":"max-snippet:-1","max-image-preview":"max-image-preview:large","max-video-preview":"max-video-preview:-1"},"canonical":"https:\/\/bluntagencia.com\/br\/benefits\/","og_locale":"pt_BR","og_type":"article","og_title":"Benefits of Being Represented - BLUNT AGENCY","og_description":"Unlock Your Earning Potential Join BLUNT AGENCY and discover the benefits of being a live streamer. Enjoy exclusive support, bonuses, and a community that empowers you to succeed! 80k Financial Support Receive timely payments and bonuses for your streaming efforts, ensuring you are rewarded for your hard work. 1M+ Community Support Become part of a [&hellip;]","og_url":"https:\/\/bluntagencia.com\/br\/benefits\/","og_site_name":"BLUNT AGENCY","article_modified_time":"2025-04-15T04:02:42+00:00","og_image":[{"url":"https:\/\/bluntagencia.com\/wp-content\/uploads\/2025\/04\/d7a60407-d78b-40a7-8911-4b43b6c73bd0.png","type":"","width":"","height":""}],"twitter_card":"summary_large_image","twitter_misc":{"Est. tempo de leitura":"2 minutos"},"schema":{"@context":"https:\/\/schema.org","@graph":[{"@type":"WebPage","@id":"https:\/\/bluntagencia.com\/benefits\/","url":"https:\/\/bluntagencia.com\/benefits\/","name":"Benefits of Being Represented - BLUNT AGENCY","isPartOf":{"@id":"https:\/\/bluntagencia.com\/#website"},"primaryImageOfPage":{"@id":"https:\/\/bluntagencia.com\/benefits\/#primaryimage"},"image":{"@id":"https:\/\/bluntagencia.com\/benefits\/#primaryimage"},"thumbnailUrl":"https:\/\/bluntagencia.com\/wp-content\/uploads\/2025\/04\/d7a60407-d78b-40a7-8911-4b43b6c73bd0.png","datePublished":"2025-04-14T21:54:13+00:00","dateModified":"2025-04-15T04:02:42+00:00","breadcrumb":{"@id":"https:\/\/bluntagencia.com\/benefits\/#breadcrumb"},"inLanguage":"pt-BR","potentialAction":[{"@type":"ReadAction","target":["https:\/\/bluntagencia.com\/benefits\/"]}]},{"@type":"ImageObject","inLanguage":"pt-BR","@id":"https:\/\/bluntagencia.com\/benefits\/#primaryimage","url":"https:\/\/bluntagencia.com\/wp-content\/uploads\/2025\/04\/d7a60407-d78b-40a7-8911-4b43b6c73bd0.png","contentUrl":"https:\/\/bluntagencia.com\/wp-content\/uploads\/2025\/04\/d7a60407-d78b-40a7-8911-4b43b6c73bd0.png"},{"@type":"BreadcrumbList","@id":"https:\/\/bluntagencia.com\/benefits\/#breadcrumb","itemListElement":[{"@type":"ListItem","position":1,"name":"Home","item":"https:\/\/bluntagencia.com\/"},{"@type":"ListItem","position":2,"name":"Benefits of Being Represented"}]},{"@type":"WebSite","@id":"https:\/\/bluntagencia.com\/#website","url":"https:\/\/bluntagencia.com\/","name":"BLUNT AGENCY","description":"A BLUNT AGENCY transforma seu tempo online em dinheiro, recrutando hosts para TikTok e Bigo Live com suporte, benef\u00edcios e passos simples para o sucesso.","publisher":{"@id":"https:\/\/bluntagencia.com\/#organization"},"potentialAction":[{"@type":"SearchAction","target":{"@type":"EntryPoint","urlTemplate":"https:\/\/bluntagencia.com\/?s={search_term_string}"},"query-input":{"@type":"PropertyValueSpecification","valueRequired":true,"valueName":"search_term_string"}}],"inLanguage":"pt-BR"},{"@type":"Organization","@id":"https:\/\/bluntagencia.com\/#organization","name":"BLUNT AGENCY","url":"https:\/\/bluntagencia.com\/","logo":{"@type":"ImageObject","inLanguage":"pt-BR","@id":"https:\/\/bluntagencia.com\/#\/schema\/logo\/image\/","url":"https:\/\/i0.wp.com\/bluntagencia.com\/wp-content\/uploads\/2025\/04\/cropped-ab2-2.png?fit=512%2C512&ssl=1","contentUrl":"https:\/\/i0.wp.com\/bluntagencia.com\/wp-content\/uploads\/2025\/04\/cropped-ab2-2.png?fit=512%2C512&ssl=1","width":512,"height":512,"caption":"BLUNT AGENCY"},"image":{"@id":"https:\/\/bluntagencia.com\/#\/schema\/logo\/image\/"}}]}},"jetpack_sharing_enabled":true,"_links":{"self":[{"href":"https:\/\/bluntagencia.com\/br\/wp-json\/wp\/v2\/pages\/14","targetHints":{"allow":["GET"]}}],"collection":[{"href":"https:\/\/bluntagencia.com\/br\/wp-json\/wp\/v2\/pages"}],"about":[{"href":"https:\/\/bluntagencia.com\/br\/wp-json\/wp\/v2\/types\/page"}],"author":[{"embeddable":true,"href":"https:\/\/bluntagencia.com\/br\/wp-json\/wp\/v2\/users\/1"}],"replies":[{"embeddable":true,"href":"https:\/\/bluntagencia.com\/br\/wp-json\/wp\/v2\/comments?post=14"}],"version-history":[{"count":1,"href":"https:\/\/bluntagencia.com\/br\/wp-json\/wp\/v2\/pages\/14\/revisions"}],"predecessor-version":[{"id":69,"href":"https:\/\/bluntagencia.com\/br\/wp-json\/wp\/v2\/pages\/14\/revisions\/69"}],"wp:attachment":[{"href":"https:\/\/bluntagencia.com\/br\/wp-json\/wp\/v2\/media?parent=14"}],"curies":[{"name":"wp","href":"https:\/\/api.w.org\/{rel}","templated":true}]}}