{"id":13,"date":"2025-04-14T21:54:11","date_gmt":"2025-04-14T21:54:11","guid":{"rendered":"https:\/\/ojk.mgz.mybluehost.me\/website_64d66d6a\/about\/"},"modified":"2025-05-13T22:45:44","modified_gmt":"2025-05-13T22:45:44","slug":"about","status":"publish","type":"page","link":"https:\/\/bluntagencia.com\/br\/about\/","title":{"rendered":"Sobre N\u00f3s"},"content":{"rendered":"<div class=\"nfd-container nfd-p-lg nfd-theme-darker nfd-bg-surface nfd-wb-team__team-8 is-style-nfd-theme-darker wp-block-group nfd-bg-effect-grid is-layout-constrained wp-container-core-group-is-layout-81828466 wp-block-group-is-layout-constrained\">\n<div class=\"nfd-gap-xl wp-block-group is-vertical is-content-justification-stretch is-layout-flex wp-container-core-group-is-layout-353c4f5a wp-block-group-is-layout-flex\">\n<figure class=\"nfd-rounded wp-block-image size-large\"><img decoding=\"async\" width=\"1536\" height=\"1024\" loading=\"lazy\" src=\"https:\/\/i0.wp.com\/bluntagencia.com\/wp-content\/uploads\/2025\/05\/213132.png?fit=1024%2C683&amp;ssl=1\" alt=\"\" class=\"wp-image-78\" style=\"aspect-ratio:16\/9;object-fit:cover\" srcset=\"https:\/\/i0.wp.com\/bluntagencia.com\/wp-content\/uploads\/2025\/05\/213132.png?w=1536&amp;ssl=1 1536w, https:\/\/i0.wp.com\/bluntagencia.com\/wp-content\/uploads\/2025\/05\/213132.png?resize=300%2C200&amp;ssl=1 300w, https:\/\/i0.wp.com\/bluntagencia.com\/wp-content\/uploads\/2025\/05\/213132.png?resize=1024%2C683&amp;ssl=1 1024w, https:\/\/i0.wp.com\/bluntagencia.com\/wp-content\/uploads\/2025\/05\/213132.png?resize=768%2C512&amp;ssl=1 768w, https:\/\/i0.wp.com\/bluntagencia.com\/wp-content\/uploads\/2025\/05\/213132.png?resize=18%2C12&amp;ssl=1 18w\" sizes=\"auto, (max-width: 1000px) 100vw, 1000px\" \/><\/figure>\n\n\n\n<div style=\"height:0px\" aria-hidden=\"true\" class=\"wp-block-spacer wp-container-content-9760934e\"><\/div>\n\n\n\n<div class=\"wp-block-group is-layout-constrained wp-container-core-group-is-layout-92ef7b19 wp-block-group-is-layout-constrained\">\n<div class=\"nfd-gap-y-3xl wp-block-group is-vertical is-content-justification-stretch is-layout-flex wp-container-core-group-is-layout-353c4f5a wp-block-group-is-layout-flex\">\n<div class=\"nfd-gap-md wp-block-group is-vertical is-content-justification-stretch is-layout-flex wp-container-core-group-is-layout-353c4f5a wp-block-group-is-layout-flex\">\n<h3 class=\"nfd-text-lg nfd-text-current wp-block-heading\">Nossa Empresa<\/h3>\n<\/div>\n\n\n\n<div class=\"nfd-gap-md wp-block-group is-vertical is-content-justification-stretch is-layout-flex wp-container-core-group-is-layout-353c4f5a wp-block-group-is-layout-flex\"><\/p>\n<h2>Sobre a Empresa<\/h2>\n<p><strong>Raz\u00e3o Social:<\/strong><br \/>BLUNT SERVI\u00c7OS DE INFORMA\u00c7\u00c3O NA INTERNET LTDA<\/p>\n<p><strong>Nome Fantasia:<\/strong><br \/>BLUNT DIGITAL<\/p>\n<p><strong>CNPJ:<\/strong><br \/>43.441.105\/0001-99<\/p>\n<p><strong>Data de Abertura:<\/strong><br \/>08\/09\/2021<\/p>\n<p><strong>Situa\u00e7\u00e3o Cadastral:<\/strong><br \/>Ativa (desde 08\/09\/2021)<\/p>\n<p><strong>Natureza Jur\u00eddica:<\/strong><br \/>Sociedade Empres\u00e1ria Limitada (C\u00f3digo 2062)<\/p>\n<p><strong>Tipo de Unidade:<\/strong><br \/>Matriz<\/p>\n<p><strong>Endere\u00e7o:<\/strong><br \/>Rua Jardim Bot\u00e2nico, 728 &#8211; Apto 404<br \/>Rio de Janeiro &#8211; RJ<br \/>CEP 22460-959<br \/>Brasil<\/p>\n<p><strong>Contato:<\/strong><br \/>Email: <a href=\"mailto:egpchagas@gmail.com\">egpchagas@gmail.com<\/a><br \/>Telefone: <a href=\"tel:+5521997688665\">+55 21 99768-8665<\/a><\/p>\n<p>A <strong>BLUNT DIGITAL<\/strong> \u00e9 uma empresa brasileira especializada em servi\u00e7os digitais, tecnologia e solu\u00e7\u00f5es para plataformas de entretenimento ao vivo, como a Bigo Live. Desde 2021, atuamos com foco em inova\u00e7\u00e3o, transpar\u00eancia e responsabilidade, oferecendo suporte t\u00e9cnico, sistemas automatizados e servi\u00e7os personalizados para nossos parceiros e clientes no Brasil e no exterior.<\/p>\n<p>Nosso compromisso \u00e9 fornecer solu\u00e7\u00f5es digitais de qualidade que gerem resultados concretos e experi\u00eancias positivas para nossos usu\u00e1rios.<\/p>\n<p><a href=\"\/br\/politica-de-privacidade\/\">Pol\u00edtica de Privacidade<\/a> | <a href=\"\/br\/termos-de-uso\/\">Termos de Uso<\/a><\/p>\n<p>\n\n<\/div>\n<\/div>\n<\/div>\n<\/div>\n<\/div>\n\n\n\n<div class=\"nfd-container nfd-p-lg nfd-theme-darker nfd-bg-surface nfd-wb-features__features-25 is-style-nfd-theme-darker wp-block-group nfd-bg-effect-dots is-layout-constrained wp-block-group-is-layout-constrained\">\n<div class=\"nfd-gap-xl wp-block-columns alignwide is-layout-flex wp-container-core-columns-is-layout-8e96f76c wp-block-columns-is-layout-flex\">\n<div class=\"wp-block-column is-layout-flow wp-block-column-is-layout-flow\">\n<div class=\"md:nfd-border-none nfd-gap-xs wp-block-group is-vertical is-content-justification-center is-layout-flex wp-container-core-group-is-layout-efaec866 wp-block-group-is-layout-flex\" style=\"border-right-color:#ffffff33;border-right-width:1px;padding-top:0px;padding-right:24px;padding-bottom:0px;padding-left:24px\">\n<p class=\"nfd-text-lg has-text-align-center\">4.5<\/p>\n\n\n\n<p class=\"nfd-text-base has-text-align-center\">Alta satisfa\u00e7\u00e3o do cliente<\/p>\n<\/div>\n<\/div>\n\n\n\n<div class=\"wp-block-column is-layout-flow wp-block-column-is-layout-flow\">\n<div class=\"md:nfd-border-none nfd-gap-xs wp-block-group is-vertical is-content-justification-center is-layout-flex wp-container-core-group-is-layout-efaec866 wp-block-group-is-layout-flex\" style=\"border-right-color:#ffffff33;border-right-width:1px;padding-top:0px;padding-right:24px;padding-bottom:0px;padding-left:24px\">\n<p class=\"nfd-text-lg has-text-align-center\">4<\/p>\n\n\n\n<p class=\"nfd-text-base has-text-align-center\">Suporte dispon\u00edvel nas principais cidades<\/p>\n<\/div>\n<\/div>\n\n\n\n<div class=\"wp-block-column is-layout-flow wp-block-column-is-layout-flow\">\n<div class=\"md:nfd-border-none nfd-gap-xs wp-block-group is-vertical is-content-justification-center is-layout-flex wp-container-core-group-is-layout-efaec866 wp-block-group-is-layout-flex\" style=\"border-right-color:#ffffff33;border-right-width:1px;padding-top:0px;padding-right:24px;padding-bottom:0px;padding-left:24px\">\n<p class=\"nfd-text-lg has-text-align-center\">9 horas<\/p>\n\n\n\n<p class=\"nfd-text-base has-text-align-center\">Resposta r\u00e1pida a perguntas<\/p>\n<\/div>\n<\/div>\n\n\n\n<div class=\"wp-block-column is-layout-flow wp-block-column-is-layout-flow\">\n<div class=\"md:nfd-border-none nfd-gap-xs wp-block-group is-vertical is-content-justification-center is-layout-flex wp-container-core-group-is-layout-efaec866 wp-block-group-is-layout-flex\" style=\"padding-top:0px;padding-right:24px;padding-bottom:0px;padding-left:24px\">\n<p class=\"nfd-text-lg has-text-align-center\">1500+<\/p>\n\n\n\n<p class=\"nfd-text-base has-text-align-center\">Transmissores recrutados com sucesso<\/p>\n<\/div>\n<\/div>\n<\/div>\n<\/div>\n\n\n\n<div class=\"nfd-container nfd-py-lg nfd-theme-white nfd-bg-surface nfd-wb-text__text-34 is-style-nfd-theme-white wp-block-group is-layout-constrained wp-container-core-group-is-layout-f36bc466 wp-block-group-is-layout-constrained\">\n<div class=\"nfd-text-md nfd-max-w-prose wp-block-group is-layout-constrained wp-block-group-is-layout-constrained\">\n<div class=\"nfd-gap-0 wp-block-group is-vertical is-content-justification-stretch is-layout-flex wp-container-core-group-is-layout-353c4f5a wp-block-group-is-layout-flex\">\n<div class=\"wp-block-group is-content-justification-space-between is-layout-flex wp-container-core-group-is-layout-e44e9b1f wp-block-group-is-layout-flex\" style=\"border-bottom-width:1px;min-height:80px\">\n<div class=\"nfd-gap-md nfd-gap-y-sm wp-block-group wp-container-content-9cfa9a5a is-content-justification-left is-layout-flex wp-container-core-group-is-layout-bc8e6f51 wp-block-group-is-layout-flex\">\n<h3 class=\"nfd-text-lg nfd-text-contrast wp-block-heading\">Descubra a AG\u00caNCIA BLUNT<\/h3>\n<\/div>\n<\/div>\n\n\n\n<div class=\"wp-block-group is-content-justification-space-between is-layout-flex wp-container-core-group-is-layout-e44e9b1f wp-block-group-is-layout-flex\" style=\"border-bottom-width:1px;min-height:80px\">\n<div class=\"nfd-gap-md nfd-gap-y-sm wp-block-group wp-container-content-9cfa9a5a is-content-justification-left is-layout-flex wp-container-core-group-is-layout-bc8e6f51 wp-block-group-is-layout-flex\">\n<div class=\"nfd-rounded-full nfd-p-2 nfd-shrink-0 nfd-bg-surface nfd-theme-dark is-style-nfd-theme-dark wp-block-group wp-container-content-2cb1e7d4 is-vertical is-content-justification-center is-layout-flex wp-container-core-group-is-layout-b6c1f246 wp-block-group-is-layout-flex\" style=\"min-height:32px\">\n<p class=\"nfd-text-contrast\" style=\"font-style:normal;font-weight:500;line-height:0;text-transform:uppercase\">1<\/p>\n<\/div>\n\n\n\n<h4 class=\"nfd-text-md nfd-text-contrast wp-block-heading\" style=\"font-style:normal;font-weight:500\">Por que escolher a BLUNT AGENCY para streaming?<\/h4>\n<\/div>\n\n\n\n<p class=\"nfd-text-opacity-80 nfd-text-base\" style=\"font-style:normal;font-weight:500;letter-spacing:0px;text-transform:uppercase\">Benef\u00edcios<\/p>\n<\/div>\n\n\n\n<div class=\"wp-block-group is-content-justification-space-between is-layout-flex wp-container-core-group-is-layout-e44e9b1f wp-block-group-is-layout-flex\" style=\"border-bottom-width:1px;min-height:80px\">\n<div class=\"nfd-gap-md nfd-gap-y-sm wp-block-group wp-container-content-9cfa9a5a is-content-justification-left is-layout-flex wp-container-core-group-is-layout-bc8e6f51 wp-block-group-is-layout-flex\">\n<div class=\"nfd-rounded-full nfd-p-2 nfd-shrink-0 nfd-bg-surface nfd-theme-dark is-style-nfd-theme-dark wp-block-group wp-container-content-2cb1e7d4 is-vertical is-content-justification-center is-layout-flex wp-container-core-group-is-layout-b6c1f246 wp-block-group-is-layout-flex\" style=\"min-height:32px\">\n<p class=\"nfd-text-contrast\" style=\"font-style:normal;font-weight:500;line-height:0;text-transform:uppercase\">2<\/p>\n<\/div>\n\n\n\n<h4 class=\"nfd-text-md nfd-text-contrast wp-block-heading\" style=\"font-style:normal;font-weight:500\">Passos para se tornar um host (transmissor)<\/h4>\n<\/div>\n\n\n\n<p class=\"nfd-text-opacity-80 nfd-text-base\" style=\"font-style:normal;font-weight:500;letter-spacing:0px;text-transform:uppercase\">Processo<\/p>\n<\/div>\n\n\n\n<div class=\"wp-block-group is-content-justification-space-between is-layout-flex wp-container-core-group-is-layout-e44e9b1f wp-block-group-is-layout-flex\" style=\"border-bottom-width:1px;min-height:80px\">\n<div class=\"nfd-gap-md nfd-gap-y-sm wp-block-group wp-container-content-9cfa9a5a is-content-justification-left is-layout-flex wp-container-core-group-is-layout-bc8e6f51 wp-block-group-is-layout-flex\">\n<div class=\"nfd-rounded-full nfd-p-2 nfd-shrink-0 nfd-bg-surface nfd-theme-dark is-style-nfd-theme-dark wp-block-group wp-container-content-2cb1e7d4 is-vertical is-content-justification-center is-layout-flex wp-container-core-group-is-layout-b6c1f246 wp-block-group-is-layout-flex\" style=\"min-height:32px\">\n<p class=\"nfd-text-contrast\" style=\"font-style:normal;font-weight:500;line-height:0;text-transform:uppercase\">3<\/p>\n<\/div>\n\n\n\n<h4 class=\"nfd-text-md nfd-text-contrast wp-block-heading\" style=\"font-style:normal;font-weight:500\">Maximize seu potencial de streaming<\/h4>\n<\/div>\n\n\n\n<p class=\"nfd-text-opacity-80 nfd-text-base\" style=\"font-style:normal;font-weight:500;letter-spacing:0px;text-transform:uppercase\">Crescimento<\/p>\n<\/div>\n\n\n\n<div class=\"wp-block-group is-content-justification-space-between is-layout-flex wp-container-core-group-is-layout-e44e9b1f wp-block-group-is-layout-flex\" style=\"border-bottom-width:1px;min-height:80px\">\n<div class=\"nfd-gap-md nfd-gap-y-sm wp-block-group wp-container-content-9cfa9a5a is-content-justification-left is-layout-flex wp-container-core-group-is-layout-bc8e6f51 wp-block-group-is-layout-flex\">\n<div class=\"nfd-rounded-full nfd-p-2 nfd-shrink-0 nfd-bg-surface nfd-theme-dark is-style-nfd-theme-dark wp-block-group wp-container-content-2cb1e7d4 is-vertical is-content-justification-center is-layout-flex wp-container-core-group-is-layout-b6c1f246 wp-block-group-is-layout-flex\" style=\"min-height:32px\">\n<p class=\"nfd-text-contrast\" style=\"font-style:normal;font-weight:500;line-height:0;text-transform:uppercase\">4<\/p>\n<\/div>\n\n\n\n<h4 class=\"nfd-text-md nfd-text-contrast wp-block-heading\" style=\"font-style:normal;font-weight:500\">Junte-se \u00e0 nossa comunidade de streamers<\/h4>\n<\/div>\n\n\n\n<p class=\"nfd-text-opacity-80 nfd-text-base\" style=\"font-style:normal;font-weight:500;letter-spacing:0px;text-transform:uppercase\">Suporte<\/p>\n<\/div>\n\n\n\n<div class=\"wp-block-group is-content-justification-space-between is-layout-flex wp-container-core-group-is-layout-e44e9b1f wp-block-group-is-layout-flex\" style=\"border-bottom-width:1px;min-height:80px\">\n<div class=\"nfd-gap-md nfd-gap-y-sm wp-block-group wp-container-content-9cfa9a5a is-content-justification-left is-layout-flex wp-container-core-group-is-layout-bc8e6f51 wp-block-group-is-layout-flex\">\n<div class=\"nfd-rounded-full nfd-p-2 nfd-shrink-0 nfd-bg-surface nfd-theme-dark is-style-nfd-theme-dark wp-block-group wp-container-content-2cb1e7d4 is-vertical is-content-justification-center is-layout-flex wp-container-core-group-is-layout-b6c1f246 wp-block-group-is-layout-flex\" style=\"min-height:32px\">\n<p class=\"nfd-text-contrast\" style=\"font-style:normal;font-weight:500;line-height:0;text-transform:uppercase\">5<\/p>\n<\/div>\n\n\n\n<h4 class=\"nfd-text-md nfd-text-contrast wp-block-heading\" style=\"font-style:normal;font-weight:500\">Libere seu potencial de ganhos hoje<\/h4>\n<\/div>\n\n\n\n<p class=\"nfd-text-opacity-80 nfd-text-base\" style=\"font-style:normal;font-weight:500;letter-spacing:0px;text-transform:uppercase\">Ganho<\/p>\n<\/div>\n<\/div>\n<\/div>\n<\/div>","protected":false},"excerpt":{"rendered":"<p>Our Company 4.5 High customer satisfaction 4 Support available in major cities 9 hours Quick response to inquiries 1500+ Hosts successfully recruited Discover the BLUNT AGENCY 1 Why Choose BLUNT AGENCY for Streaming? Benefits 2 Steps to Become a Host Process 3 Maximize Your Streaming Potential Growth 4 Join Our Community of Streamers Support 5 [&hellip;]<\/p>\n","protected":false},"author":1,"featured_media":0,"parent":0,"menu_order":0,"comment_status":"closed","ping_status":"closed","template":"no-title","meta":{"nf_dc_page":"about","om_disable_all_campaigns":false,"_monsterinsights_skip_tracking":false,"_monsterinsights_sitenote_active":false,"_monsterinsights_sitenote_note":"","_monsterinsights_sitenote_category":0,"footnotes":""},"class_list":["post-13","page","type-page","status-publish","hentry"],"yoast_head":"<!-- This site is optimized with the Yoast SEO plugin v27.6 - https:\/\/yoast.com\/product\/yoast-seo-wordpress\/ -->\n<title>About Us - BLUNT AGENCY<\/title>\n<meta name=\"robots\" content=\"index, follow, max-snippet:-1, max-image-preview:large, max-video-preview:-1\" \/>\n<link rel=\"canonical\" href=\"https:\/\/bluntagencia.com\/br\/about\/\" \/>\n<meta property=\"og:locale\" content=\"pt_BR\" \/>\n<meta property=\"og:type\" content=\"article\" \/>\n<meta property=\"og:title\" content=\"About Us - BLUNT AGENCY\" \/>\n<meta property=\"og:description\" content=\"Our Company 4.5 High customer satisfaction 4 Support available in major cities 9 hours Quick response to inquiries 1500+ Hosts successfully recruited Discover the BLUNT AGENCY 1 Why Choose BLUNT AGENCY for Streaming? Benefits 2 Steps to Become a Host Process 3 Maximize Your Streaming Potential Growth 4 Join Our Community of Streamers Support 5 [&hellip;]\" \/>\n<meta property=\"og:url\" content=\"https:\/\/bluntagencia.com\/br\/about\/\" \/>\n<meta property=\"og:site_name\" content=\"BLUNT AGENCY\" \/>\n<meta property=\"article:modified_time\" content=\"2025-05-13T22:45:44+00:00\" \/>\n<meta property=\"og:image\" content=\"https:\/\/bluntagencia.com\/wp-content\/uploads\/2025\/05\/213132-1024x683.png\" \/>\n\t<meta property=\"og:image:width\" content=\"1024\" \/>\n\t<meta property=\"og:image:height\" content=\"683\" \/>\n\t<meta property=\"og:image:type\" content=\"image\/png\" \/>\n<meta name=\"twitter:card\" content=\"summary_large_image\" \/>\n<meta name=\"twitter:label1\" content=\"Est. tempo de leitura\" \/>\n\t<meta name=\"twitter:data1\" content=\"3 minutos\" \/>\n<script type=\"application\/ld+json\" class=\"yoast-schema-graph\">{\"@context\":\"https:\\\/\\\/schema.org\",\"@graph\":[{\"@type\":\"WebPage\",\"@id\":\"https:\\\/\\\/bluntagencia.com\\\/about\\\/\",\"url\":\"https:\\\/\\\/bluntagencia.com\\\/about\\\/\",\"name\":\"About Us - BLUNT AGENCY\",\"isPartOf\":{\"@id\":\"https:\\\/\\\/bluntagencia.com\\\/#website\"},\"primaryImageOfPage\":{\"@id\":\"https:\\\/\\\/bluntagencia.com\\\/about\\\/#primaryimage\"},\"image\":{\"@id\":\"https:\\\/\\\/bluntagencia.com\\\/about\\\/#primaryimage\"},\"thumbnailUrl\":\"https:\\\/\\\/i0.wp.com\\\/bluntagencia.com\\\/wp-content\\\/uploads\\\/2025\\\/05\\\/213132.png?fit=1024%2C683&amp;ssl=1\",\"datePublished\":\"2025-04-14T21:54:11+00:00\",\"dateModified\":\"2025-05-13T22:45:44+00:00\",\"breadcrumb\":{\"@id\":\"https:\\\/\\\/bluntagencia.com\\\/about\\\/#breadcrumb\"},\"inLanguage\":\"pt-BR\",\"potentialAction\":[{\"@type\":\"ReadAction\",\"target\":[\"https:\\\/\\\/bluntagencia.com\\\/about\\\/\"]}]},{\"@type\":\"ImageObject\",\"inLanguage\":\"pt-BR\",\"@id\":\"https:\\\/\\\/bluntagencia.com\\\/about\\\/#primaryimage\",\"url\":\"https:\\\/\\\/i0.wp.com\\\/bluntagencia.com\\\/wp-content\\\/uploads\\\/2025\\\/05\\\/213132.png?fit=1024%2C683&amp;ssl=1\",\"contentUrl\":\"https:\\\/\\\/i0.wp.com\\\/bluntagencia.com\\\/wp-content\\\/uploads\\\/2025\\\/05\\\/213132.png?fit=1024%2C683&amp;ssl=1\"},{\"@type\":\"BreadcrumbList\",\"@id\":\"https:\\\/\\\/bluntagencia.com\\\/about\\\/#breadcrumb\",\"itemListElement\":[{\"@type\":\"ListItem\",\"position\":1,\"name\":\"Home\",\"item\":\"https:\\\/\\\/bluntagencia.com\\\/\"},{\"@type\":\"ListItem\",\"position\":2,\"name\":\"About Us\"}]},{\"@type\":\"WebSite\",\"@id\":\"https:\\\/\\\/bluntagencia.com\\\/#website\",\"url\":\"https:\\\/\\\/bluntagencia.com\\\/\",\"name\":\"BLUNT AGENCY\",\"description\":\"A BLUNT AGENCY transforma seu tempo online em dinheiro, recrutando hosts para TikTok e Bigo Live com suporte, benef\u00edcios e passos simples para o sucesso.\",\"publisher\":{\"@id\":\"https:\\\/\\\/bluntagencia.com\\\/#organization\"},\"potentialAction\":[{\"@type\":\"SearchAction\",\"target\":{\"@type\":\"EntryPoint\",\"urlTemplate\":\"https:\\\/\\\/bluntagencia.com\\\/?s={search_term_string}\"},\"query-input\":{\"@type\":\"PropertyValueSpecification\",\"valueRequired\":true,\"valueName\":\"search_term_string\"}}],\"inLanguage\":\"pt-BR\"},{\"@type\":\"Organization\",\"@id\":\"https:\\\/\\\/bluntagencia.com\\\/#organization\",\"name\":\"BLUNT AGENCY\",\"url\":\"https:\\\/\\\/bluntagencia.com\\\/\",\"logo\":{\"@type\":\"ImageObject\",\"inLanguage\":\"pt-BR\",\"@id\":\"https:\\\/\\\/bluntagencia.com\\\/#\\\/schema\\\/logo\\\/image\\\/\",\"url\":\"https:\\\/\\\/i0.wp.com\\\/bluntagencia.com\\\/wp-content\\\/uploads\\\/2025\\\/04\\\/cropped-ab2-2.png?fit=512%2C512&ssl=1\",\"contentUrl\":\"https:\\\/\\\/i0.wp.com\\\/bluntagencia.com\\\/wp-content\\\/uploads\\\/2025\\\/04\\\/cropped-ab2-2.png?fit=512%2C512&ssl=1\",\"width\":512,\"height\":512,\"caption\":\"BLUNT AGENCY\"},\"image\":{\"@id\":\"https:\\\/\\\/bluntagencia.com\\\/#\\\/schema\\\/logo\\\/image\\\/\"}}]}<\/script>\n<!-- \/ Yoast SEO plugin. -->","yoast_head_json":{"title":"About Us - BLUNT AGENCY","robots":{"index":"index","follow":"follow","max-snippet":"max-snippet:-1","max-image-preview":"max-image-preview:large","max-video-preview":"max-video-preview:-1"},"canonical":"https:\/\/bluntagencia.com\/br\/about\/","og_locale":"pt_BR","og_type":"article","og_title":"About Us - BLUNT AGENCY","og_description":"Our Company 4.5 High customer satisfaction 4 Support available in major cities 9 hours Quick response to inquiries 1500+ Hosts successfully recruited Discover the BLUNT AGENCY 1 Why Choose BLUNT AGENCY for Streaming? Benefits 2 Steps to Become a Host Process 3 Maximize Your Streaming Potential Growth 4 Join Our Community of Streamers Support 5 [&hellip;]","og_url":"https:\/\/bluntagencia.com\/br\/about\/","og_site_name":"BLUNT AGENCY","article_modified_time":"2025-05-13T22:45:44+00:00","og_image":[{"width":1024,"height":683,"url":"https:\/\/bluntagencia.com\/wp-content\/uploads\/2025\/05\/213132-1024x683.png","type":"image\/png"}],"twitter_card":"summary_large_image","twitter_misc":{"Est. tempo de leitura":"3 minutos"},"schema":{"@context":"https:\/\/schema.org","@graph":[{"@type":"WebPage","@id":"https:\/\/bluntagencia.com\/about\/","url":"https:\/\/bluntagencia.com\/about\/","name":"About Us - BLUNT AGENCY","isPartOf":{"@id":"https:\/\/bluntagencia.com\/#website"},"primaryImageOfPage":{"@id":"https:\/\/bluntagencia.com\/about\/#primaryimage"},"image":{"@id":"https:\/\/bluntagencia.com\/about\/#primaryimage"},"thumbnailUrl":"https:\/\/i0.wp.com\/bluntagencia.com\/wp-content\/uploads\/2025\/05\/213132.png?fit=1024%2C683&amp;ssl=1","datePublished":"2025-04-14T21:54:11+00:00","dateModified":"2025-05-13T22:45:44+00:00","breadcrumb":{"@id":"https:\/\/bluntagencia.com\/about\/#breadcrumb"},"inLanguage":"pt-BR","potentialAction":[{"@type":"ReadAction","target":["https:\/\/bluntagencia.com\/about\/"]}]},{"@type":"ImageObject","inLanguage":"pt-BR","@id":"https:\/\/bluntagencia.com\/about\/#primaryimage","url":"https:\/\/i0.wp.com\/bluntagencia.com\/wp-content\/uploads\/2025\/05\/213132.png?fit=1024%2C683&amp;ssl=1","contentUrl":"https:\/\/i0.wp.com\/bluntagencia.com\/wp-content\/uploads\/2025\/05\/213132.png?fit=1024%2C683&amp;ssl=1"},{"@type":"BreadcrumbList","@id":"https:\/\/bluntagencia.com\/about\/#breadcrumb","itemListElement":[{"@type":"ListItem","position":1,"name":"Home","item":"https:\/\/bluntagencia.com\/"},{"@type":"ListItem","position":2,"name":"About Us"}]},{"@type":"WebSite","@id":"https:\/\/bluntagencia.com\/#website","url":"https:\/\/bluntagencia.com\/","name":"BLUNT AGENCY","description":"A BLUNT AGENCY transforma seu tempo online em dinheiro, recrutando hosts para TikTok e Bigo Live com suporte, benef\u00edcios e passos simples para o sucesso.","publisher":{"@id":"https:\/\/bluntagencia.com\/#organization"},"potentialAction":[{"@type":"SearchAction","target":{"@type":"EntryPoint","urlTemplate":"https:\/\/bluntagencia.com\/?s={search_term_string}"},"query-input":{"@type":"PropertyValueSpecification","valueRequired":true,"valueName":"search_term_string"}}],"inLanguage":"pt-BR"},{"@type":"Organization","@id":"https:\/\/bluntagencia.com\/#organization","name":"BLUNT AGENCY","url":"https:\/\/bluntagencia.com\/","logo":{"@type":"ImageObject","inLanguage":"pt-BR","@id":"https:\/\/bluntagencia.com\/#\/schema\/logo\/image\/","url":"https:\/\/i0.wp.com\/bluntagencia.com\/wp-content\/uploads\/2025\/04\/cropped-ab2-2.png?fit=512%2C512&ssl=1","contentUrl":"https:\/\/i0.wp.com\/bluntagencia.com\/wp-content\/uploads\/2025\/04\/cropped-ab2-2.png?fit=512%2C512&ssl=1","width":512,"height":512,"caption":"BLUNT AGENCY"},"image":{"@id":"https:\/\/bluntagencia.com\/#\/schema\/logo\/image\/"}}]}},"jetpack_sharing_enabled":true,"_links":{"self":[{"href":"https:\/\/bluntagencia.com\/br\/wp-json\/wp\/v2\/pages\/13","targetHints":{"allow":["GET"]}}],"collection":[{"href":"https:\/\/bluntagencia.com\/br\/wp-json\/wp\/v2\/pages"}],"about":[{"href":"https:\/\/bluntagencia.com\/br\/wp-json\/wp\/v2\/types\/page"}],"author":[{"embeddable":true,"href":"https:\/\/bluntagencia.com\/br\/wp-json\/wp\/v2\/users\/1"}],"replies":[{"embeddable":true,"href":"https:\/\/bluntagencia.com\/br\/wp-json\/wp\/v2\/comments?post=13"}],"version-history":[{"count":6,"href":"https:\/\/bluntagencia.com\/br\/wp-json\/wp\/v2\/pages\/13\/revisions"}],"predecessor-version":[{"id":83,"href":"https:\/\/bluntagencia.com\/br\/wp-json\/wp\/v2\/pages\/13\/revisions\/83"}],"wp:attachment":[{"href":"https:\/\/bluntagencia.com\/br\/wp-json\/wp\/v2\/media?parent=13"}],"curies":[{"name":"wp","href":"https:\/\/api.w.org\/{rel}","templated":true}]}}